{"id":261,"date":"2014-07-24T10:11:53","date_gmt":"2014-07-24T09:11:53","guid":{"rendered":"http:\/\/www.preprod5.myeasycom.fr\/?page_id=261"},"modified":"2023-02-01T21:58:08","modified_gmt":"2023-02-01T20:58:08","slug":"seminaire","status":"publish","type":"page","link":"https:\/\/www.albhotel.fr\/?page_id=261","title":{"rendered":"S\u00e9minaire"},"content":{"rendered":"<h1>Entreprises, B\u00e9n\u00e9ficiez d&rsquo;une salle pour vos s\u00e9minaires<\/h1>\n<p>Notre h\u00f4tel met \u00e0 votre disposition deux salles sp\u00e9cifiques vous permettant d&rsquo;organiser vos s\u00e9minaires et r\u00e9unions d&rsquo;entreprise. La salle Arcade et la salle Mezzanine dispose d&rsquo;\u00e9quipements haut de gamme, dans un environnement calme et studieux. Nos salles sont divisibles et modulables afin d&rsquo;am\u00e9nager au mieux votre espace de travail en zones \u00e0 th\u00e8mes propices au travail en \u00e9quipe.<\/p>\n<p><img loading=\"lazy\" decoding=\"async\" class=\"alignnone size-full wp-image-162\" src=\"\/wp-content\/uploads\/2014\/07\/seminaire.jpg\" alt=\"seminaire\" width=\"2000\" height=\"600\" srcset=\"https:\/\/www.albhotel.fr\/wp-content\/uploads\/2014\/07\/seminaire.jpg 2000w, https:\/\/www.albhotel.fr\/wp-content\/uploads\/2014\/07\/seminaire-300x90.jpg 300w, https:\/\/www.albhotel.fr\/wp-content\/uploads\/2014\/07\/seminaire-1024x307.jpg 1024w, https:\/\/www.albhotel.fr\/wp-content\/uploads\/2014\/07\/seminaire-300x90@2x.jpg 600w\" sizes=\"auto, (max-width: 2000px) 100vw, 2000px\" \/><\/p>\n<h2>La salle Arcade ! Un espace adapt\u00e9 \u00e0 vos s\u00e9minaires et r\u00e9unions d&rsquo;entreprise<\/h2>\n<p>Choisissez la disposition du mobilier : \u00ab\u00a0Pr\u00e9sident\u00a0\u00bb, en \u00ab\u00a0U\u00a0\u00bb, en \u00ab\u00a0Th\u00e9atre\u00a0\u00bb et offrez \u00e0 vos coll\u00e8gues et vos invit\u00e9s un cadre agr\u00e9able de travail. Selon le forfait, vous b\u00e9n\u00e9ficiez de boissons froides, d&rsquo;un buffet chaud ou froid. Les pauses peuvent se faire sur la terrasse du restaurant ou dans la salle des petits d\u00e9jeuners.<\/p>\n<h2>Un \u00e9quipement de qualit\u00e9<\/h2>\n<ul class='list painted with-divider'><li><span class='icon-thumbs-up'><\/span>Surface de 98 m2 plus un appoint de 30m2<\/li><li><span class='icon-thumbs-up'><\/span>Capacit\u00e9 d'accueil : de 20 \u00e0 50 personnes selon sa disposition<\/li><li><span class='icon-thumbs-up'><\/span>Vid\u00e9oprojecteur<\/li><li><span class='icon-thumbs-up'><\/span>Ecran de projection<\/li><li><span class='icon-thumbs-up'><\/span>Sonorisation<\/li><li><span class='icon-thumbs-up'><\/span>Paper-board<\/li><li><span class='icon-thumbs-up'><\/span>Connexion Internet LAN ou WIFI<\/li><li><span class='icon-thumbs-up'><\/span>Adaptateur Apple pour les connectiques<\/li><\/ul>\n<h2>Tarifs de location<\/h2>\n<table><tr><th><strong>Forfaits<\/strong><\/th><th><strong>Prix<\/strong><\/th><\/tr><tr><td>Salle Demi-journ\u00e9e<\/td><td>60.00 \u20ac<\/td><\/tr><td>Vid\u00e9oprojecteur Demi-Journ\u00e9e<\/td><td> 10.00 \u20ac<\/td><\/tr><td> Salle Journ\u00e9e compl\u00e8te<\/td><td>120.00 \u20ac<\/td><\/tr><td>Vid\u00e9oprojecteur Journ\u00e9e Compl\u00e8te<\/td><td> 20.00 \u20ac<\/td><\/tr><td>Collation<\/td><td>5.00 \u20ac \/ personne<\/td><\/tr><td>Caf\u00e9 Accueil avec mini viennoiserie<\/td><td> 4.00 \u20ac \/ personne<\/td><\/tr><td> Menu Complet avec boisson<\/td><td> 20.00 \u20ac \/ personne <\/td><\/tr><\/table>\n<h3>Galerie photos<\/h3>\n<p>[rev_slider seminaire-slideshow]<\/p>\n<h3>Notre h\u00f4tel vous propose \u00e9galement un restaurant<\/h3>\n<p>Note chef cuisinier dirige une \u00e9quipe familiale \u00e0 l\u2019\u00e9coute de ses clients.<br \/>\nAvec ses 70 couverts en salle et 40 couverts en terrasse, notre restaurant vous accueille dans une ambiance confortable et vous propose des produits r\u00e9gionaux pour le plus grand plaisir de vos papilles.<\/p>\n<a href='\/?page_id=25' class='button-alt medium '>Visitez la page restaurant<span class='icon-eye-open'><\/span><\/a>\n","protected":false},"excerpt":{"rendered":"<p>Notre h\u00f4tel met \u00e0 votre disposition deux salles sp\u00e9cifiques vous permettant d&rsquo;organiser vos s\u00e9minaires et r\u00e9unions d&rsquo;entreprise. La salle Arcade et la salle Mezzanine dispose d&rsquo;\u00e9quipements haut de gamme, dans un environnement calme et studieux. Nos salles sont divisibles et modulables afin d&rsquo;am\u00e9nager au mieux votre espace de travail en zones \u00e0 th\u00e8mes propices au travail en \u00e9quipe. Choisissez la disposition du mobilier : \u00ab\u00a0Pr\u00e9sident\u00a0\u00bb, en \u00ab\u00a0U\u00a0\u00bb, en \u00ab\u00a0Th\u00e9atre\u00a0\u00bb et offrez \u00e0 vos coll\u00e8gues et vos invit\u00e9s un cadre agr\u00e9able de travail. Selon le forfait, vous b\u00e9n\u00e9ficiez de boissons froides, d&rsquo;un buffet chaud ou froid. Les pauses peuvent se faire sur la terrasse du restaurant ou dans la salle des petits d\u00e9jeuners. [rev_slider seminaire-slideshow] Note chef cuisinier dirige une \u00e9quipe familiale \u00e0 l\u2019\u00e9coute de ses clients. Avec ses 70 couverts en salle et 40 couverts en terrasse, notre restaurant vous accueille dans une ambiance confortable et vous propose des produits r\u00e9gionaux pour le plus grand plaisir de vos papilles.<\/p>\n","protected":false},"author":2,"featured_media":0,"parent":0,"menu_order":0,"comment_status":"open","ping_status":"open","template":"page-fullwidth.php","meta":{"footnotes":""},"class_list":["post-261","page","type-page","status-publish","hentry"],"_links":{"self":[{"href":"https:\/\/www.albhotel.fr\/index.php?rest_route=\/wp\/v2\/pages\/261","targetHints":{"allow":["GET"]}}],"collection":[{"href":"https:\/\/www.albhotel.fr\/index.php?rest_route=\/wp\/v2\/pages"}],"about":[{"href":"https:\/\/www.albhotel.fr\/index.php?rest_route=\/wp\/v2\/types\/page"}],"author":[{"embeddable":true,"href":"https:\/\/www.albhotel.fr\/index.php?rest_route=\/wp\/v2\/users\/2"}],"replies":[{"embeddable":true,"href":"https:\/\/www.albhotel.fr\/index.php?rest_route=%2Fwp%2Fv2%2Fcomments&post=261"}],"version-history":[{"count":13,"href":"https:\/\/www.albhotel.fr\/index.php?rest_route=\/wp\/v2\/pages\/261\/revisions"}],"predecessor-version":[{"id":944,"href":"https:\/\/www.albhotel.fr\/index.php?rest_route=\/wp\/v2\/pages\/261\/revisions\/944"}],"wp:attachment":[{"href":"https:\/\/www.albhotel.fr\/index.php?rest_route=%2Fwp%2Fv2%2Fmedia&parent=261"}],"curies":[{"name":"wp","href":"https:\/\/api.w.org\/{rel}","templated":true}]}}