{"id":231,"date":"2014-07-28T15:28:46","date_gmt":"2014-07-28T14:28:46","guid":{"rendered":"http:\/\/www.preprod5.myeasycom.fr\/?page_id=231"},"modified":"2025-09-08T13:58:58","modified_gmt":"2025-09-08T12:58:58","slug":"mentions-legales-2","status":"publish","type":"page","link":"https:\/\/www.albhotel.fr\/?page_id=231","title":{"rendered":"Mentions l\u00e9gales et Conditions G\u00e9n\u00e9rales de Vente"},"content":{"rendered":"<h1>Mentions l\u00e9gales<\/h1>\n<p class=\"text-left texte \" style=\"box-sizing: border-box; margin-top: 0px; margin-bottom: 1rem; font-family: 'Noto Sans', 'arial helvetica', sans-serif; line-height: 1.8rem; color: #181b1c; font-size: 16px;\">Le site\u00a0<span style=\"box-sizing: border-box; font-weight: bolder;\">Albhotel.com<\/span>\u00a0est la propri\u00e9t\u00e9 de KYO ALBY<span style=\"box-sizing: border-box; font-weight: bolder;\">, soci\u00e9t\u00e9 par actions simplifi\u00e9e<\/span>\u00a0au capital social de 8 000,00 \u20ac euros, domicili\u00e9e 369 Route des Asni\u00e8res, 74540 ALBY SUR CHERAN et repr\u00e9sent\u00e9e par YU Zhichao en sa qualit\u00e9 de g\u00e9rant.<\/p>\n<p class=\"text-left texte\" style=\"box-sizing: border-box; margin-top: 0px; margin-bottom: 1rem; font-family: 'Noto Sans', 'arial helvetica', sans-serif; line-height: 1.8rem; color: #181b1c; font-size: 16px;\"><span style=\"box-sizing: border-box; font-weight: bolder;\">KYO ALBY, soci\u00e9t\u00e9 \u00e0 responsabilit\u00e9 limit\u00e9e<\/span><br style=\"box-sizing: border-box;\" \/>T\u00e9l. : 04 50 68 14 14<br style=\"box-sizing: border-box;\" \/>E-mail : contact@albhotel.com<br style=\"box-sizing: border-box;\" \/>RCS ANNECY 952 826 105<br style=\"box-sizing: border-box;\" \/>SIRET 95282610500019<br style=\"box-sizing: border-box;\" \/>APE H\u00f4tels et h\u00e9bergement similaire (5510Z)<br style=\"box-sizing: border-box;\" \/>TVA FR23818031494<br style=\"box-sizing: border-box;\" \/>CNIL n\u00b0<\/p>\n<div class=\"module texte_mention \" style=\"box-sizing: border-box; margin-bottom: 0px; position: relative; color: #181b1c; font-family: 'Noto Sans', 'arial helvetica', sans-serif; font-size: 16px;\">\n<h3 class=\"text fs-4 fw-bold\" style=\"box-sizing: border-box; margin-top: 0px; margin-bottom: 0.5rem; font-weight: 200; line-height: 1.2; font-size: 1.1rem; letter-spacing: 0.5px;\">Droit des images<\/h3>\n<h4 class=\"text fs-5\" style=\"box-sizing: border-box; margin-top: 0px; margin-bottom: 0.5rem; font-weight: 200; line-height: 1.2; font-size: 1.1rem; letter-spacing: 0.5px;\"><\/h4>\n<div class=\"text text-start\" style=\"box-sizing: border-box; font-size: 1.1rem; letter-spacing: 0.5px;\">\n<p style=\"box-sizing: border-box; margin-top: 0px; margin-bottom: 1rem; line-height: 1.8rem;\">By JONARD Eric<\/p>\n<\/div>\n<\/div>\n<p class=\"text-left texte fw-light\" style=\"box-sizing: border-box; margin-top: 0px; margin-bottom: 1rem; font-family: 'Noto Sans', 'arial helvetica', sans-serif; line-height: 1.8rem; color: #181b1c; font-size: 16px;\">\u00ab Conform\u00e9ment \u00e0 la loi \u00ab informatique et libert\u00e9s \u00bb du 6 janvier 1978 et au r\u00e8glement g\u00e9n\u00e9ral sur la protection des donn\u00e9es, vous pouvez exercer votre droit d&rsquo;acc\u00e8s aux donn\u00e9es, au d\u00e9r\u00e9f\u00e9rencement, \u00e0 la portabilit\u00e9 et d\u2019opposition vous concernant et les faire rectifier en contactant Logis H\u00f4tel Albh\u00f4tel Grill en envoyant un message \u00e0 l&rsquo;adresse contact@albhotel.com ou par courrier \u00e0 l&rsquo;adresse suivante : Logis H\u00f4tel Albh\u00f4tel \u2013 369, route des asni\u00e8res &#8211; 74540 ALBY SUR CHERAN \u00bb.<\/p>\n<h4 class=\"texte\" style=\"box-sizing: border-box; margin-top: 0px; margin-bottom: 0.5rem; font-weight: 500; line-height: 1.2; color: #181b1c; font-size: 1.5rem; font-family: 'Noto Sans', 'arial helvetica', sans-serif;\">M\u00e9diation<\/h4>\n<p class=\"text-left texte\" style=\"box-sizing: border-box; margin-top: 0px; margin-bottom: 1rem; font-family: 'Noto Sans', 'arial helvetica', sans-serif; line-height: 1.8rem; color: #181b1c; font-size: 16px;\">Conform\u00e9ment au D\u00e9cret du 30 Octobre 2015 relatif \u00e0 la m\u00e9diation des litiges de la consommation, les coordonn\u00e9es du m\u00e9diateur Tourisme Voyage sont :<br style=\"box-sizing: border-box;\" \/><span style=\"box-sizing: border-box; font-weight: bolder;\">M\u00e9diation Tourisme Voyage<\/span><br style=\"box-sizing: border-box;\" \/>BP 80303<br style=\"box-sizing: border-box;\" \/>75823 PARIS CEDEX 17<br style=\"box-sizing: border-box;\" \/>Apr\u00e8s avoir saisi le service r\u00e9servation et \u00e0 d\u00e9faut de r\u00e9ponse satisfaisante ou en l&rsquo;absence de r\u00e9ponse dans un d\u00e9lai de 60 jours, le client peut saisir gratuitement le M\u00e9diateur du Tourisme et du Voyage, dont les coordonn\u00e9es et modalit\u00e9s de saisine sont disponibles sur son site :\u00a0<span style=\"box-sizing: border-box; font-weight: bolder;\"><a class=\"text-secondary\" style=\"box-sizing: border-box; --bs-text-opacity: 1;\" title=\"site M\u00e9diation Tourisme Voyage\" href=\"http:\/\/www.mtv.travel\/\" target=\"_blank\" rel=\"noopener\">www.mtv.travel<\/a><\/span><br style=\"box-sizing: border-box;\" \/>Pour d\u2019avantages d\u2019informations, vous pouvez consulter le site officiel de la M\u00e9diation de la Consommation sur le lien suivant :\u00a0<a class=\"text-secondary\" style=\"box-sizing: border-box; --bs-text-opacity: 1;\" title=\"site officiel de la M\u00e9diation de la Consommation\" href=\"https:\/\/www.economie.gouv.fr\/mediation-conso\" target=\"_blank\" rel=\"noopener\">https:\/\/www.economie.gouv.fr\/mediation-conso<\/a><\/p>\n<h5 class=\"sous-titre\" style=\"box-sizing: border-box; margin-top: 0px; margin-bottom: 0.5rem; font-weight: 500; line-height: 1.2; color: #181b1c; font-size: 1.25rem; font-family: 'Noto Sans', 'arial helvetica', sans-serif;\">R\u00e8glement en ligne des litiges<\/h5>\n<p style=\"box-sizing: border-box; margin-top: 0px; margin-bottom: 1rem; font-family: 'Noto Sans', 'arial helvetica', sans-serif; line-height: 1.8rem; color: #181b1c; font-size: 16px;\"><a style=\"box-sizing: border-box;\" title=\"R\u00e8glement en ligne des litiges\" href=\"https:\/\/ec.europa.eu\/consumers\/odr\/main\/?event=main.complaints.screeningphase\" target=\"_blank\" rel=\"noopener\">R\u00e8glement en ligne des litiges | Commission europ\u00e9enne (europa.eu)<\/a><\/p>\n<h5 class=\"sous-titre\" style=\"box-sizing: border-box; margin-top: 0px; margin-bottom: 0.5rem; font-weight: 500; line-height: 1.2; color: #181b1c; font-size: 1.25rem; font-family: 'Noto Sans', 'arial helvetica', sans-serif;\">BLOCTEL<\/h5>\n<p style=\"box-sizing: border-box; margin-top: 0px; margin-bottom: 1rem; font-family: 'Noto Sans', 'arial helvetica', sans-serif; line-height: 1.8rem; color: #181b1c; font-size: 16px;\">\u00ab Le consommateur qui ne souhaite pas faire l&rsquo;objet de prospection commerciale par voie t\u00e9l\u00e9phonique peut gratuitement s&rsquo;inscrire sur une liste d&rsquo;opposition au d\u00e9marchage t\u00e9l\u00e9phonique. Pour plus d\u2019informations :\u00a0<a style=\"box-sizing: border-box;\" title=\"bloctel\" href=\"https:\/\/www.bloctel.gouv.fr\/\" target=\"_blank\" rel=\"noopener\">Bloctel<\/a>\u00a0\u00bb.<\/p>\n<h5 class=\"sous-titre\" style=\"box-sizing: border-box; margin-top: 0px; margin-bottom: 0.5rem; font-weight: 500; line-height: 1.2; color: #181b1c; font-size: 1.25rem; font-family: 'Noto Sans', 'arial helvetica', sans-serif;\">MENTIONS RELATIVES AUX COOKIES<\/h5>\n<h6 class=\"texte\" style=\"box-sizing: border-box; margin-top: 0px; margin-bottom: 0.5rem; font-weight: 500; line-height: 1.2; color: #181b1c; font-size: 1rem; font-family: 'Noto Sans', 'arial helvetica', sans-serif;\">Qu\u2019est-ce qu\u2019un cookie et \u00e0 quoi sert-il ?<\/h6>\n<p class=\"text-justify texte fw-light\" style=\"box-sizing: border-box; margin-top: 0px; margin-bottom: 1rem; font-family: 'Noto Sans', 'arial helvetica', sans-serif; line-height: 1.8rem; color: #181b1c; font-size: 16px;\">Un cookie (ou t\u00e9moin de connexion) est un fichier texte susceptible d\u2019\u00eatre enregistr\u00e9, sous r\u00e9serve de vos choix, dans un espace d\u00e9di\u00e9 du disque dur de votre terminal (ordinateur, tablette \u2026) \u00e0 l\u2019occasion de la consultation d\u2019un service en ligne gr\u00e2ce \u00e0 votre logiciel de navigation. Il est transmis par le serveur d\u2019un site internet \u00e0 votre navigateur. A chaque cookie est attribu\u00e9 un identifiant anonyme. Le fichier cookie permet \u00e0 son \u00e9metteur d\u2019identifier le terminal dans lequel il est enregistr\u00e9 pendant la dur\u00e9e de validit\u00e9 ou d\u2019enregistrement du cookie concern\u00e9. Un cookie ne permet pas de remonter \u00e0 une personne physique.<br style=\"box-sizing: border-box;\" \/>La soci\u00e9t\u00e9 exploitante vous invite \u00e0 consulter le site de la CNIL \u00e0 l\u2019adresse suivante :\u00a0<a style=\"box-sizing: border-box;\" title=\"Plus d\u2019information sur les cookies\" href=\"https:\/\/www.cnil.fr\/fr\/cookies-et-autres-traceurs\/comment-se-proteger\/maitriser-votre-navigateur\" target=\"_blank\" rel=\"noopener\">https:\/\/www.cnil.fr\/fr\/cookies-et-autres-traceurs\/comment-se-proteger\/maitriser-votre-navigateur<\/a><\/p>\n<h6 class=\"sous-titre\" style=\"box-sizing: border-box; margin-top: 0px; margin-bottom: 0.5rem; font-weight: 500; line-height: 1.2; color: #181b1c; font-size: 1rem; font-family: 'Noto Sans', 'arial helvetica', sans-serif;\">Cookies de Statistiques Google Analytics<\/h6>\n<p class=\"text-justify texte fw-light\" style=\"box-sizing: border-box; margin-top: 0px; margin-bottom: 1rem; font-family: 'Noto Sans', 'arial helvetica', sans-serif; line-height: 1.8rem; color: #181b1c; font-size: 16px;\">Ces cookies permettent d\u2019\u00e9tablir des statistiques de fr\u00e9quentation du site letisseurdessaveurs.com et de d\u00e9tecter des probl\u00e8mes de navigation afin de suivre et d\u2019am\u00e9liorer la qualit\u00e9 de nos services.<\/p>\n<p class=\"text-justify  texte mb-5 fw-light\" style=\"box-sizing: border-box; margin-top: 0px; font-family: 'Noto Sans', 'arial helvetica', sans-serif; line-height: 1.8rem; color: #181b1c; font-size: 16px; margin-bottom: 3rem !important;\">Le Site est h\u00e9berg\u00e9 par la soci\u00e9t\u00e9 : IONOS<br style=\"box-sizing: border-box;\" \/>Adresse : 2, rue Kellermann BP 80157 59053 ROUBAIX Cedex 1<br style=\"box-sizing: border-box;\" \/>Email: support@ovh.com<br style=\"box-sizing: border-box;\" \/>T\u00e9l. : +33 (0)8 203 203 63<br style=\"box-sizing: border-box;\" \/>Num\u00e9ro d\u2019immatriculation au Registre du Commerce et des Soci\u00e9t\u00e9s de Lille : B 424 761 419<\/p>\n<h1>Conditions G\u00e9n\u00e9rales de Vente<\/h1>\n<p>************ A refaire ************<\/p>\n<h2>Article 1 : Global<\/h2>\n<p>a) L\u2019ALBHOTEL GRILL g\u00e8re le site www.albhotel.com, site de r\u00e9servation de chambre. Le site est en liaison direct avec l\u2019\u00e9tablissement ALBHOTEL Grill. Les tarifs et les disponibilit\u00e9s sont ceux propos\u00e9s sur place. (sous r\u00e9serve de panne du fournisseur d\u2019acces)<br \/>\nb) Toute r\u00e9servation par le site web www.albhotel.com suppose la consultation et l\u2019acceptation compl\u00e8te et sans r\u00e9serve des pr\u00e9sentes conditions g\u00e9n\u00e9rales et des conditions de vente du tarif r\u00e9serv\u00e9<br \/>\nc) L\u2019accord du client concernant les conditions g\u00e9n\u00e9rales et les conditions de vente du tarif r\u00e9serv\u00e9 intervient d\u00e8s la r\u00e9servation. Aucune r\u00e9servation n\u2019est possible sans ce commun accord.<br \/>\nd) Le client peut sauvegarder, t\u00e9l\u00e9charger les pr\u00e9sentes conditions g\u00e9n\u00e9rales au format pdf.<\/p>\n<h2>Article 2 : R\u00e9servation<\/h2>\n<p>a) Le client reconnait avoir pris connaissance de la nature, de la destination et des modalit\u00e9s de<br \/>\nr\u00e9servation des services disponibles sur le site internet et avoir sollicit\u00e9 et obtenu des informations<br \/>\nn\u00e9cessaires et\/ou compl\u00e9mentaires pour effectuer sa r\u00e9servation en parfaite connaissance de cause.<br \/>\nb) La r\u00e9servation est r\u00e9put\u00e9e accept\u00e9e par le client \u00e0 l\u2019issue du processus de r\u00e9servation.<\/p>\n<h2>Article 3 : Processus de R\u00e9servation<\/h2>\n<p>a) Les r\u00e9servations effectu\u00e9es par le client se font par l\u2019interm\u00e9diaire de la plateforme RESERVIT du site LogisHotel.<br \/>\nb) La r\u00e9servation est r\u00e9put\u00e9e form\u00e9e d\u00e8s la r\u00e9ception du bon de r\u00e9servation compl\u00e9t\u00e9 des informations<br \/>\nbancaire. Toutes autres formulations devra \u00eatre confirm\u00e9es par email ou t\u00e9l\u00e9copie.<br \/>\nc) Le client s\u2019engage, pr\u00e9alablement \u00e0 toute r\u00e9servation, \u00e0 compl\u00e9ter les informations demand\u00e9es sur<br \/>\nla page concern\u00e9e.<br \/>\nd) Le client atteste de la v\u00e9racit\u00e9 et de l\u2019exactitude des informations transmises.<br \/>\ne) La proc\u00e9dure de r\u00e9servation comprend notamment les \u00e9tapes suivantes :<br \/>\n&#8211; 1\/ date du Sejour (Nombre de Nuit\u00e9e)<br \/>\n&#8211; 2\/ besoin en Chambre (Simple, Double, Twin, Triple)<br \/>\n&#8211; 3\/ information personnel (adresse, ville, T\u00e9l\u00e9phone Portable ou fixe, etc\u2026)<br \/>\n&#8211; 4\/ information compl\u00e9mentaire (pr\u00e9cisez ici : handicape ou autre etc)<br \/>\n&#8211; 5\/ validation de la r\u00e9servation par le client<\/p>\n<h2>Artice 4 : Accus\u00e9 de r\u00e9ception<\/h2>\n<p>Une copie de la r\u00e9servation est envoy\u00e9 \u00e0 l\u2019adresse fournie par le client par le site LOGISHOTEL.<\/p>\n<h2>Article 5 : Service Client<\/h2>\n<p>Pour toute r\u00e9clamation relative \u00e0 votre r\u00e9servation h\u00f4teli\u00e8re, Nous vous prions de contacter monsieur<br \/>\nMU Yulong.<\/p>\n<h2>Article 6 : Annulation ou modification du fait du client<\/h2>\n<p>a) Il est rappel\u00e9 au client, conform\u00e9ment \u00e0 l\u2019article L121-20-4 du Code de la consommation, qu\u2019il ne<br \/>\ndispose pas du droit de r\u00e9tractation pr\u00e9vu \u00e0 l\u2019article L121-20 du Code de la consommation.<br \/>\nb) Les conditions de vente du tarif r\u00e9serv\u00e9 pr\u00e9cisent les modalit\u00e9s d\u2019annulation et \/ou de modification<br \/>\nde la r\u00e9servation.<br \/>\nc) Les r\u00e9servations avec pr\u00e9paiement ne pourront faire l\u2019objet d\u2019aucune modification et\/ou annulation.<br \/>\nLes sommes vers\u00e9es d\u2019avance que sont les acomptes ne feront l\u2019objet d\u2019aucun remboursement.<br \/>\nd) Toute r\u00e9servation non annul\u00e9e 24h00 \u00e0 l\u2019avance ou avant 18h00 si la r\u00e9servation est \u00e9tablie dans la<br \/>\njourn\u00e9e m\u00eame, sera d\u00e9bit\u00e9e du montant de la premi\u00e8re nuit\u00e9e hors prestation nourriture.<br \/>\ne) Sauf disposition expresse contraire, le client doit quitter la chambre avant 11h00 heure le jour de la<br \/>\nfin de la r\u00e9servation. A d\u00e9faut, il lui sera factur\u00e9e une nuit\u00e9e compl\u00e9mentaire.<\/p>\n<h2>Article 7 : S\u00e9jour \u00e0 l\u2019h\u00f4tel<\/h2>\n<p>a) Les animaux sont accept\u00e9s d\u00e8s lors qu\u2019ils sont tenus en laisse ou en cage dans toutes les parties<br \/>\ncommunes de l\u2019\u00e9tablissement h\u00f4telier.<\/p>\n<p>b) Le client accepte et s\u2019engage \u00e0 utiliser la chambre en bon p\u00e8re (m\u00e8re) de famille. Aussi, tout<br \/>\ncomportement contraire aux bonnes moeurs et \u00e0 l\u2019ordre public am\u00e9nera l\u2019h\u00f4telier \u00e0 demander au<br \/>\nclient de quitter l\u2019\u00e9tablissement sans aucune indemnit\u00e9 ou sans aucun remboursement si un<br \/>\nr\u00e8glement est d\u00e9j\u00e0 \u00e9t\u00e9 \u00e9ffectu\u00e9.<\/p>\n<h2>Article 8 : Responsabilit\u00e9<\/h2>\n<p>a) Les photographies pr\u00e9sent\u00e9es sur le site ne sont pas contractuelles. M\u00eame si tous les meilleurs<br \/>\nefforts sont faits pour que les photographies, repr\u00e9sentations graphiques et les textes reproduits pour<br \/>\nillustrer notre \u00e9tablissement donne un aper\u00e7u aussi exact que possible des prestations<br \/>\nd\u2019h\u00e9bergement propos\u00e9es, des variations peuvent intervenir, notamment en raison du changement<br \/>\nde mobilier ou r\u00e9novations \u00e9ventuelles. Le client ne peut pr\u00e9tendre \u00e0 aucune r\u00e9clamation de ce fait.<br \/>\nb) Notre \u00e9tablissement ne saurait \u00eatre tenue pour responsable d\u2018inex\u00e9cution ou de la mauvaise<br \/>\nex\u00e9cution de la r\u00e9servation en cas de force majeure, de fait du tiers, fait du client ou fait de<br \/>\npartenaire tels que indisponibilit\u00e9 du r\u00e9seau internet, impossibilit\u00e9 d\u2019acc\u00e8s au site web, instruction<br \/>\next\u00e9rieur, virus informatiques ou en cas pr\u00e9paiement non autoris\u00e9 par la banque du porteur<br \/>\nc) Les liens hypertextes peuvent renvoyer vers d\u2019autres site, autre que www.albhotel.fr. Aussi, nous ne<br \/>\npouvons \u00eatre tenu responsable du contenu de ces sites et des services propos\u00e9s.<br \/>\nd) Toutes r\u00e9servations ou paiement qui seraient irr\u00e9guliers, inop\u00e9rants, incomplets ou frauduleux pour<br \/>\nun motif imputable au client entrainera l\u2019annulation de la commande aux frais du client, sans<br \/>\npr\u00e9judice de toute action civile ou p\u00e9nale de ce dernier.<\/p>\n<h2>Article 9 : R\u00e9clamations<\/h2>\n<p>a) Les r\u00e9clamations relatives \u00e0 l\u2019inex\u00e9cution ou la mauvaise ex\u00e9cution des prestations h\u00f4teli\u00e8res<br \/>\ndoivent, sous peine de forclusion, \u00eatre port\u00e9es \u00e0 la connaissance de Monsieur MU Yulong par<br \/>\n\u00e9crit dans les 24h00 de l\u2019arriv\u00e9e \u00e0 l\u2019h\u00f4tel.<\/p>\n<h2>Article 10 : Prix<\/h2>\n<p>a) Les prix aff\u00e9rents \u00e0 la r\u00e9servation sont indiqu\u00e9s avant et lors de la r\u00e9servation.<br \/>\nb) Les prix indiqu\u00e9s s\u2019entendent par chambre pour le nombre de personne(s) et la(les) date(s)<br \/>\ns\u00e9lectionn\u00e9e(s).<br \/>\nc) Les prix sont confirm\u00e9s au client en montant TTC, dans la devise commerciale de l\u2019h\u00f4tel et ne sont<br \/>\nvalables que pour la dur\u00e9e indiqu\u00e9e sur le site.<br \/>\nd) Sauf mention contraire, les prestations compl\u00e9mentaires (petit-d\u00e9jeuner, demi-pension, pension<br \/>\ncompl\u00e8te, taxe de s\u00e9jour\u2026) ne sont pas incluses dans le prix.<br \/>\ne) Les prix tiennent compte de la TVA applicable au jour de la commande et tout changement du taux<br \/>\napplicable \u00e0 la TVA sera automatiquement r\u00e9percut\u00e9 sur les prix indiqu\u00e9s \u00e0 la date de facturation.<br \/>\nf) Toute modification ou instauration de nouvelles taxes l\u00e9gales ou r\u00e9glementaires impos\u00e9es par les<br \/>\nautorit\u00e9s comp\u00e9tentes seront automatiquement r\u00e9percut\u00e9es sur les prix indiqu\u00e9s \u00e0 la date de la<br \/>\nfacturation.<\/p>\n<h2>Article 11 : Paiement<\/h2>\n<p>a) Le client communique ses coordonn\u00e9es bancaires \u00e0 titre de garantie de la r\u00e9servation sauf<br \/>\nconditions ou tarifs sp\u00e9ciaux, par carte bancaire de cr\u00e9dit ou privative (Visa, Mastercard, Am\u00e9rican<br \/>\nExpress\u2026) en indiquant directement, dans la zone pr\u00e9vue \u00e0 cet effet le num\u00e9ro de carte, sans<br \/>\nespaces entre les chiffres, ainsi que la date de validit\u00e9 et le cryptogramme visuel.<br \/>\nb) Le d\u00e9bit du paiement s\u2019effectue \u00e0 l\u2019h\u00f4tel lors du s\u00e9jour sauf pour les partenaires comme BOOKING.COM et HOTEL.COM<br \/>\nc) En cas de no show (R\u00e9servation non annul\u00e9e \u2013 client non pr\u00e9sent) d\u2019une r\u00e9servation garantie par<br \/>\ncarte bancaire, l\u2019h\u00f4tel d\u00e9bitera le client, \u00e0 titre d\u2019indemnit\u00e9 forfaitaire du montant de la premi\u00e8re<br \/>\nnuit sur la carte bancaire qui a \u00e9t\u00e9 donn\u00e9 en garantie de r\u00e9servation.<\/p>\n<h2>Article 12 : Respect de la vie priv\u00e9e<\/h2>\n<p>a) Les informations qui sont demand\u00e9es au client sont n\u00e9cessaires au traitement de sa r\u00e9servation et ne<br \/>\nseront pas revendues ou diffus\u00e9es.<\/p>\n<h2>Article 13 : Convention de Preuve<\/h2>\n<p>a) La saisie des informations bancaires requises, ainsi que l\u2019acceptation des pr\u00e9sentes conditions<br \/>\ng\u00e9n\u00e9rales et du bon de r\u00e9servation, constitue une signature \u00e9lectronique qui a, entre les parties, la<br \/>\nm\u00eame valeur qu\u2019une signature manuscrite.<br \/>\nb) Le client est inform\u00e9 que son adresse IP est enregistr\u00e9e au moment de la r\u00e9servation.<\/p>\n<h2>Article 14 : D\u00e9logement<\/h2>\n<p>a) En cas de non-disponibilit\u00e9 ou en cas de force majeure, nous nous r\u00e9servons la possibilit\u00e9 de faire<br \/>\nh\u00e9berger totalement ou partiellement le client dans un h\u00f4tel de cat\u00e9gorie \u00e9quivalente pour des<br \/>\nprestations de m\u00eame nature et n\u2019entrainera aucune indemnit\u00e9 compl\u00e9mentaire.<\/p>\n<h2>Article 15 : Horaires<\/h2>\n<p>a) Le restaurant est ouvert du lundi au dimanche de 12h00 \u00e0 14h00 et de 19h15 \u00e0 21h00.<br \/>\nb) Les petits d\u00e9jeuners sont servis de 6h45 \u00e0 10h00 en semaine et de 8h00 \u00e0 10h00 le week-end.<br \/>\nc) La r\u00e9ception est ouverte de 7h00 \u00e0 22h30 en semaine sauf durant les jours feri\u00e9s. Le samedi,<br \/>\nDimanche et jours f\u00e9ri\u00e9s la r\u00e9ception est ouverte de 8h00 \u00e0 12h00 et de 18h00 \u00e0 22h30.<\/p>\n<h2>Article 15 : Horaires<\/h2>\n<p>a) La demi pension et la pension compl\u00e8te s\u2019entendent avec le menu du jour. En cas de changement de<br \/>\nmenu ou de prestation propos\u00e9 dans le tarif forfaitaire, nous appliquerons le tarif affich\u00e9.<\/p>\n","protected":false},"excerpt":{"rendered":"<p>Le site\u00a0Albhotel.com\u00a0est la propri\u00e9t\u00e9 de KYO ALBY, soci\u00e9t\u00e9 par actions simplifi\u00e9e\u00a0au capital social de 8 000,00 \u20ac euros, domicili\u00e9e 369 Route des Asni\u00e8res, 74540 ALBY SUR CHERAN et repr\u00e9sent\u00e9e par YU Zhichao en sa qualit\u00e9 de g\u00e9rant. KYO ALBY, soci\u00e9t\u00e9 \u00e0 responsabilit\u00e9 limit\u00e9eT\u00e9l. : 04 50 68 14 14E-mail : contact@albhotel.comRCS ANNECY 952 826 105SIRET 95282610500019APE H\u00f4tels et h\u00e9bergement similaire (5510Z)TVA FR23818031494CNIL n\u00b0 Droit des images By JONARD Eric \u00ab Conform\u00e9ment \u00e0 la loi \u00ab informatique et libert\u00e9s \u00bb du 6 janvier 1978 et au r\u00e8glement g\u00e9n\u00e9ral sur la protection des donn\u00e9es, vous pouvez exercer votre droit d&rsquo;acc\u00e8s aux donn\u00e9es, au d\u00e9r\u00e9f\u00e9rencement, \u00e0 la portabilit\u00e9 et d\u2019opposition vous concernant et les faire rectifier en contactant Logis H\u00f4tel Albh\u00f4tel Grill en envoyant un message \u00e0 l&rsquo;adresse contact@albhotel.com ou par courrier \u00e0 l&rsquo;adresse suivante : Logis H\u00f4tel Albh\u00f4tel \u2013 369, route des asni\u00e8res &#8211; 74540 ALBY SUR CHERAN \u00bb. M\u00e9diation Conform\u00e9ment au D\u00e9cret du 30 Octobre 2015 relatif \u00e0 la m\u00e9diation des litiges de la consommation, les coordonn\u00e9es du m\u00e9diateur Tourisme Voyage sont :M\u00e9diation Tourisme VoyageBP 8030375823 PARIS CEDEX 17Apr\u00e8s avoir saisi le service r\u00e9servation et \u00e0 d\u00e9faut de r\u00e9ponse satisfaisante ou en l&rsquo;absence de r\u00e9ponse dans un d\u00e9lai de 60 jours, [&hellip;]<\/p>\n","protected":false},"author":2,"featured_media":0,"parent":0,"menu_order":0,"comment_status":"open","ping_status":"open","template":"mentions-legales.php","meta":{"footnotes":""},"class_list":["post-231","page","type-page","status-publish","hentry"],"_links":{"self":[{"href":"https:\/\/www.albhotel.fr\/index.php?rest_route=\/wp\/v2\/pages\/231","targetHints":{"allow":["GET"]}}],"collection":[{"href":"https:\/\/www.albhotel.fr\/index.php?rest_route=\/wp\/v2\/pages"}],"about":[{"href":"https:\/\/www.albhotel.fr\/index.php?rest_route=\/wp\/v2\/types\/page"}],"author":[{"embeddable":true,"href":"https:\/\/www.albhotel.fr\/index.php?rest_route=\/wp\/v2\/users\/2"}],"replies":[{"embeddable":true,"href":"https:\/\/www.albhotel.fr\/index.php?rest_route=%2Fwp%2Fv2%2Fcomments&post=231"}],"version-history":[{"count":8,"href":"https:\/\/www.albhotel.fr\/index.php?rest_route=\/wp\/v2\/pages\/231\/revisions"}],"predecessor-version":[{"id":980,"href":"https:\/\/www.albhotel.fr\/index.php?rest_route=\/wp\/v2\/pages\/231\/revisions\/980"}],"wp:attachment":[{"href":"https:\/\/www.albhotel.fr\/index.php?rest_route=%2Fwp%2Fv2%2Fmedia&parent=231"}],"curies":[{"name":"wp","href":"https:\/\/api.w.org\/{rel}","templated":true}]}}