{"id":11,"date":"2014-07-23T10:57:02","date_gmt":"2014-07-23T09:57:02","guid":{"rendered":"http:\/\/www.preprod5.myeasycom.fr\/?page_id=11"},"modified":"2014-08-27T07:50:27","modified_gmt":"2014-08-27T06:50:27","slug":"contact","status":"publish","type":"page","link":"https:\/\/www.albhotel.fr\/?page_id=11","title":{"rendered":"Contact"},"content":{"rendered":"<p><h3>Envoyez-nous un email<\/h3><br \/>\nUtilisez le formulaire de contact ci-dessous afin de recevoir une r\u00e9ponse \u00e9crite de notre part. Vous avez une demande particuli\u00e8re concernant la location d&rsquo;une salle de s\u00e9minaire, la r\u00e9servation de chambres d&rsquo;h\u00f4tel pour un groupe familial, une \u00e9quipe sportive ; contactez-nous et nous serons ravi de vous r\u00e9pondre dans les plus brefs d\u00e9lais. R\u00e9ponse dans la journ\u00e9e en semaine et sous 48 heures pour les Week End.<\/p>\n<p class=\"wpcf7-contact-form-not-found\"><strong>Erreur\u00a0:<\/strong> Formulaire de contact non trouv\u00e9\u00a0!<\/p>\n","protected":false},"excerpt":{"rendered":"<p>Utilisez le formulaire de contact ci-dessous afin de recevoir une r\u00e9ponse \u00e9crite de notre part. Vous avez une demande particuli\u00e8re concernant la location d&rsquo;une salle de s\u00e9minaire, la r\u00e9servation de chambres d&rsquo;h\u00f4tel pour un groupe familial, une \u00e9quipe sportive ; contactez-nous et nous serons ravi de vous r\u00e9pondre dans les plus brefs d\u00e9lais. R\u00e9ponse dans la journ\u00e9e en semaine et sous 48 heures pour les Week End.<\/p>\n","protected":false},"author":2,"featured_media":0,"parent":0,"menu_order":0,"comment_status":"open","ping_status":"open","template":"contact.php","meta":{"footnotes":""},"class_list":["post-11","page","type-page","status-publish","hentry"],"_links":{"self":[{"href":"https:\/\/www.albhotel.fr\/index.php?rest_route=\/wp\/v2\/pages\/11","targetHints":{"allow":["GET"]}}],"collection":[{"href":"https:\/\/www.albhotel.fr\/index.php?rest_route=\/wp\/v2\/pages"}],"about":[{"href":"https:\/\/www.albhotel.fr\/index.php?rest_route=\/wp\/v2\/types\/page"}],"author":[{"embeddable":true,"href":"https:\/\/www.albhotel.fr\/index.php?rest_route=\/wp\/v2\/users\/2"}],"replies":[{"embeddable":true,"href":"https:\/\/www.albhotel.fr\/index.php?rest_route=%2Fwp%2Fv2%2Fcomments&post=11"}],"version-history":[{"count":9,"href":"https:\/\/www.albhotel.fr\/index.php?rest_route=\/wp\/v2\/pages\/11\/revisions"}],"predecessor-version":[{"id":365,"href":"https:\/\/www.albhotel.fr\/index.php?rest_route=\/wp\/v2\/pages\/11\/revisions\/365"}],"wp:attachment":[{"href":"https:\/\/www.albhotel.fr\/index.php?rest_route=%2Fwp%2Fv2%2Fmedia&parent=11"}],"curies":[{"name":"wp","href":"https:\/\/api.w.org\/{rel}","templated":true}]}}